{"id":8,"date":"2023-04-11T10:13:31","date_gmt":"2023-04-11T10:13:31","guid":{"rendered":"http:\/\/193.194.89.177\/lee_wp\/?page_id=8"},"modified":"2023-07-13T13:15:34","modified_gmt":"2023-07-13T13:15:34","slug":"accueil","status":"publish","type":"page","link":"https:\/\/lbeig.usthb.dz\/index.php\/accueil\/","title":{"rendered":"Accueil"},"content":{"rendered":"\n<p>Le<strong>&nbsp;LABORATOIRE  DE BIODIVERSITE ET ENVIRONNEMENT&nbsp;&nbsp;: INTERACTIONS, GENOMES (LBEIG)<\/strong>&nbsp;de la Facult\u00e9 des Sciences Biologiques de l\u2019Universit\u00e9 des Sciences et de la Technologie Houari Boum\u00e9di\u00e8nne (USTHB)<br>d\u2019Alger a \u00e9t\u00e9 cr\u00e9\u00e9 en l\u2019an 2012. Le laboratoire est compos\u00e9 de quatre \u00e9quipes de recherche&nbsp;:<\/p>\n\n\n\n<ol>\n<li>\u00c9quipe 1&nbsp;:&nbsp;<strong>Parasites&nbsp;: Biodiversit\u00e9- Bio\u00e9cologie-Interactions H\u00f4tes-Parasites<\/strong>.<\/li>\n\n\n\n<li>\u00c9quipe 2&nbsp;:&nbsp;<strong>G\u00e9n\u00e9tique des Populations et&nbsp;Biologie de Conservation des Populations Animales.<\/strong><\/li>\n\n\n\n<li>\u00c9quipe 3&nbsp;:&nbsp;<strong>Vecteurs et Parasites en Alg\u00e9rie<\/strong>.<\/li>\n\n\n\n<li>\u00c9quipe 4<strong>&nbsp;:&nbsp;Eco-Epid\u00e9miologie Parasitaire et G\u00e9n\u00e9tique des Populations<\/strong>.<\/li>\n<\/ol>\n\n\n\n<p><strong>Th\u00e8mes du laboratoire<\/strong><\/p>\n\n\n\n<ul>\n<li>Pour l\u2019ensemble du laboratoire les principaux th\u00e8mes qui se d\u00e9gagent sont cit\u00e9s ci-apr\u00e8s. Le d\u00e9tail est donn\u00e9 par chaque \u00e9quipe dans les pages qui suivent.<\/li>\n<\/ul>\n\n\n\n<div class=\"is-vertical is-layout-flex wp-container-1 wp-block-group\">\n<p class=\"has-text-align-left\">&nbsp;&#8211; Identification des ressources g\u00e9n\u00e9tiques animales alg\u00e9riennes et de leur statut (esp\u00e8ces menac\u00e9es ou non esp\u00e8ces end\u00e9miques). Sont cibl\u00e9s en priorit\u00e9 les poissons dul\u00e7aquicoles,&nbsp;certains mammif\u00e8res et certains oiseaux.<\/p>\n\n\n\n<p class=\"has-text-align-left\">&#8211; Biodiversit\u00e9 parasitaire d\u2019organismes marins (poissons- c\u00e9phalopodes) et continentaux.<\/p>\n\n\n\n<p class=\"has-text-align-left\">&#8211; \u00c9tudes de quelques parasitoses par l\u2019approche vectorielle notamment les vecteurs arthropodes.<\/p>\n\n\n\n<p class=\"has-text-align-left\">&#8211; \u00c9cologie de la transmission des Leishmanioses en Alg\u00e9rie.<\/p>\n\n\n\n<p class=\"has-text-align-left\">&#8211;&nbsp;\u00c9tude des interactions populations naturelles &#8211; environnement.<\/p>\n\n\n\n<p class=\"has-text-align-left\">&#8211;&nbsp;\u00c9tude&nbsp;des interactions h\u00f4tes-parasites.<\/p>\n\n\n\n<p class=\"has-text-align-left\">-\u00c9tude des interactions complexes h\u00f4tes-parasites&nbsp;environnement. &nbsp;Les th\u00e8mes mis en \u0153uvre, en plus de leur int\u00e9r\u00eat sur le plan national, constituent une contribution \u00e0 la connaissance de la biodiversit\u00e9 \u00e0 l\u2019\u00e9chelle m\u00e9diterran\u00e9enne. Les r\u00e9sultats apporteront \u00e9galement une contribution aux connaissances scientifiques dans les domaines cibl\u00e9s. Par ailleurs, ils permettront la cr\u00e9ation de bases de donn\u00e9es nationales pr\u00e9cieuses<\/p>\n<\/div>\n","protected":false},"excerpt":{"rendered":"<p>Le&nbsp;LABORATOIRE DE BIODIVERSITE ET ENVIRONNEMENT&nbsp;&nbsp;: INTERACTIONS, GENOMES (LBEIG)&nbsp;de la Facult\u00e9 des Sciences Biologiques de l\u2019Universit\u00e9 des Sciences et de la Technologie Houari Boum\u00e9di\u00e8nne (USTHB)d\u2019Alger a \u00e9t\u00e9 cr\u00e9\u00e9 en l\u2019an 2012. Le laboratoire est compos\u00e9 de quatre \u00e9quipes <span class=\"readmore\"><a href=\"https:\/\/lbeig.usthb.dz\/index.php\/accueil\/\">Continue Reading<\/a><\/span><\/p>\n","protected":false},"author":1,"featured_media":221,"parent":0,"menu_order":0,"comment_status":"closed","ping_status":"closed","template":"","meta":[],"_links":{"self":[{"href":"https:\/\/lbeig.usthb.dz\/index.php\/wp-json\/wp\/v2\/pages\/8"}],"collection":[{"href":"https:\/\/lbeig.usthb.dz\/index.php\/wp-json\/wp\/v2\/pages"}],"about":[{"href":"https:\/\/lbeig.usthb.dz\/index.php\/wp-json\/wp\/v2\/types\/page"}],"author":[{"embeddable":true,"href":"https:\/\/lbeig.usthb.dz\/index.php\/wp-json\/wp\/v2\/users\/1"}],"replies":[{"embeddable":true,"href":"https:\/\/lbeig.usthb.dz\/index.php\/wp-json\/wp\/v2\/comments?post=8"}],"version-history":[{"count":4,"href":"https:\/\/lbeig.usthb.dz\/index.php\/wp-json\/wp\/v2\/pages\/8\/revisions"}],"predecessor-version":[{"id":200,"href":"https:\/\/lbeig.usthb.dz\/index.php\/wp-json\/wp\/v2\/pages\/8\/revisions\/200"}],"wp:featuredmedia":[{"embeddable":true,"href":"https:\/\/lbeig.usthb.dz\/index.php\/wp-json\/wp\/v2\/media\/221"}],"wp:attachment":[{"href":"https:\/\/lbeig.usthb.dz\/index.php\/wp-json\/wp\/v2\/media?parent=8"}],"curies":[{"name":"wp","href":"https:\/\/api.w.org\/{rel}","templated":true}]}}