{"id":53,"date":"2023-07-05T22:10:57","date_gmt":"2023-07-05T22:10:57","guid":{"rendered":"http:\/\/193.194.89.177\/lbeig_wp\/?page_id=53"},"modified":"2023-07-11T09:58:20","modified_gmt":"2023-07-11T09:58:20","slug":"contact-2","status":"publish","type":"page","link":"https:\/\/lbeig.usthb.dz\/index.php\/contact-2\/","title":{"rendered":"Contact"},"content":{"rendered":"\n<p>Directeur de laboratoire : <strong>Pr. TAZEROUTI Fadila<\/strong><\/p>\n\n\n\n<p>Laboratoire de Biodiversit\u00e9 et Environnement\u00a0: Interaction- G\u00e9nomes<\/p>\n\n\n\n<p>Facult\u00e9 des Sciences&nbsp;Biologiques (F.S.B)<\/p>\n\n\n\n<p>Universit\u00e9 des Sciences et de la Technologie Houari Boumediene&nbsp;(U-S-T-H-B)<\/p>\n\n\n\n<p>BP 32 El Alia&nbsp;16111&nbsp;Bab Ezzouar&nbsp;Alger &#8211; Alg\u00e9rie.<\/p>\n\n\n\n<p><strong>T\u00e9l\/Fax&nbsp;:<\/strong>&nbsp;(213) 021 24 72 17<\/p>\n\n\n\n<p><strong>E-mail&nbsp;:&nbsp; &nbsp;&nbsp;<\/strong><\/p>\n","protected":false},"excerpt":{"rendered":"<p>Directeur de laboratoire : Pr. TAZEROUTI Fadila Laboratoire de Biodiversit\u00e9 et Environnement\u00a0: Interaction- G\u00e9nomes Facult\u00e9 des Sciences&nbsp;Biologiques (F.S.B) Universit\u00e9 des Sciences et de la Technologie Houari Boumediene&nbsp;(U-S-T-H-B) BP 32 El Alia&nbsp;16111&nbsp;Bab Ezzouar&nbsp;Alger &#8211; Alg\u00e9rie. T\u00e9l\/Fax&nbsp;:&nbsp;(213) 021 24 <span class=\"readmore\"><a href=\"https:\/\/lbeig.usthb.dz\/index.php\/contact-2\/\">Continue Reading<\/a><\/span><\/p>\n","protected":false},"author":1,"featured_media":0,"parent":0,"menu_order":0,"comment_status":"closed","ping_status":"closed","template":"","meta":[],"_links":{"self":[{"href":"https:\/\/lbeig.usthb.dz\/index.php\/wp-json\/wp\/v2\/pages\/53"}],"collection":[{"href":"https:\/\/lbeig.usthb.dz\/index.php\/wp-json\/wp\/v2\/pages"}],"about":[{"href":"https:\/\/lbeig.usthb.dz\/index.php\/wp-json\/wp\/v2\/types\/page"}],"author":[{"embeddable":true,"href":"https:\/\/lbeig.usthb.dz\/index.php\/wp-json\/wp\/v2\/users\/1"}],"replies":[{"embeddable":true,"href":"https:\/\/lbeig.usthb.dz\/index.php\/wp-json\/wp\/v2\/comments?post=53"}],"version-history":[{"count":2,"href":"https:\/\/lbeig.usthb.dz\/index.php\/wp-json\/wp\/v2\/pages\/53\/revisions"}],"predecessor-version":[{"id":205,"href":"https:\/\/lbeig.usthb.dz\/index.php\/wp-json\/wp\/v2\/pages\/53\/revisions\/205"}],"wp:attachment":[{"href":"https:\/\/lbeig.usthb.dz\/index.php\/wp-json\/wp\/v2\/media?parent=53"}],"curies":[{"name":"wp","href":"https:\/\/api.w.org\/{rel}","templated":true}]}}