{"id":174,"date":"2023-07-09T20:28:31","date_gmt":"2023-07-09T20:28:31","guid":{"rendered":"http:\/\/193.194.89.177\/lbeig_wp\/?page_id=174"},"modified":"2023-07-11T11:15:11","modified_gmt":"2023-07-11T11:15:11","slug":"collaborations","status":"publish","type":"page","link":"https:\/\/lbeig.usthb.dz\/index.php\/collaborations\/","title":{"rendered":"Collaborations"},"content":{"rendered":"\n<p><strong>Collaborations\u00a0Nationales<\/strong><\/p>\n\n\n\n<figure class=\"wp-block-table\"><table><tbody><tr><td><strong>Etablissement<\/strong><\/td><td>Centre National de Recherche et de D\u00e9veloppement de la p\u00eache et de l\u2019Aquaculture (CNRDPA) , Alg\u00e9rie<\/td><\/tr><tr><td>&nbsp;<\/td><td>Centre National d\u2019\u00c9tude et de la Documentation pour la P\u00eache et l\u2019Aquaculture Bou Ismail. (Minist\u00e8re des P\u00eaches et des Ressources Halieutiques), Alg\u00e9rie<\/td><\/tr><\/tbody><\/table><\/figure>\n\n\n\n<p><\/p>\n\n\n\n<p><strong>Collaborations\u00a0\u00c9trang\u00e8res<\/strong><\/p>\n\n\n\n<figure class=\"wp-block-table\"><table><tbody><tr><td><strong>Etablissement<\/strong><\/td><td>Institut de Syst\u00e9matique, \u00c9volution, Biodiversit\u00e9 ISYEB, Mus\u00e9um National d\u2019Histoire Naturelle,&nbsp; Paris (UMR7205 CNRS, EPHE, MNHN, UPMC). FRANCE<\/td><\/tr><\/tbody><\/table><\/figure>\n","protected":false},"excerpt":{"rendered":"<p>Collaborations\u00a0Nationales Etablissement Centre National de Recherche et de D\u00e9veloppement de la p\u00eache et de l\u2019Aquaculture (CNRDPA) , Alg\u00e9rie &nbsp; Centre National d\u2019\u00c9tude et de la Documentation pour la P\u00eache et l\u2019Aquaculture Bou Ismail. (Minist\u00e8re des P\u00eaches et <span class=\"readmore\"><a href=\"https:\/\/lbeig.usthb.dz\/index.php\/collaborations\/\">Continue Reading<\/a><\/span><\/p>\n","protected":false},"author":1,"featured_media":0,"parent":0,"menu_order":0,"comment_status":"closed","ping_status":"closed","template":"","meta":[],"_links":{"self":[{"href":"https:\/\/lbeig.usthb.dz\/index.php\/wp-json\/wp\/v2\/pages\/174"}],"collection":[{"href":"https:\/\/lbeig.usthb.dz\/index.php\/wp-json\/wp\/v2\/pages"}],"about":[{"href":"https:\/\/lbeig.usthb.dz\/index.php\/wp-json\/wp\/v2\/types\/page"}],"author":[{"embeddable":true,"href":"https:\/\/lbeig.usthb.dz\/index.php\/wp-json\/wp\/v2\/users\/1"}],"replies":[{"embeddable":true,"href":"https:\/\/lbeig.usthb.dz\/index.php\/wp-json\/wp\/v2\/comments?post=174"}],"version-history":[{"count":2,"href":"https:\/\/lbeig.usthb.dz\/index.php\/wp-json\/wp\/v2\/pages\/174\/revisions"}],"predecessor-version":[{"id":212,"href":"https:\/\/lbeig.usthb.dz\/index.php\/wp-json\/wp\/v2\/pages\/174\/revisions\/212"}],"wp:attachment":[{"href":"https:\/\/lbeig.usthb.dz\/index.php\/wp-json\/wp\/v2\/media?parent=174"}],"curies":[{"name":"wp","href":"https:\/\/api.w.org\/{rel}","templated":true}]}}