{"id":170,"date":"2023-07-09T20:27:45","date_gmt":"2023-07-09T20:27:45","guid":{"rendered":"http:\/\/193.194.89.177\/lbeig_wp\/?page_id=170"},"modified":"2023-07-11T10:53:15","modified_gmt":"2023-07-11T10:53:15","slug":"projets-de-recherche-2","status":"publish","type":"page","link":"https:\/\/lbeig.usthb.dz\/index.php\/projets-de-recherche-2\/","title":{"rendered":"Projets de recherche"},"content":{"rendered":"\n<figure class=\"wp-block-table\"><table><tbody><tr><td><strong>&nbsp;<\/strong><\/td><td>Ann\u00e9e<\/td><td>Intitul\u00e9<\/td><\/tr><tr><td><strong>&nbsp;<\/strong> <strong>Projets CNEPRU<\/strong><\/td><td>2014<\/td><td>MODELES MARINS ET DUL\u00c7AQUICOLES DES SYSTEMES HOTES-PARASITES&nbsp;: BIODIVERSITE, BIO-ECOLOGIE \u2013 INTER-RELATIONS.<\/td><\/tr><tr><td><strong>&nbsp;<\/strong> <strong>Projets PRFU<\/strong><\/td><td>2019<\/td><td>PROTOZOAIRES ET M\u00c9TAZOAIRES PARASITES DE QUELQUES ANIMAUX AQUATIQUES ET TERRESTRES : BIODIVERSIT\u00c9, BIO-\u00c9COLOGIE ET INTERACTIONS H\u00d4TES-PARASITES-ENVIRONNEMENT.<\/td><\/tr><\/tbody><\/table><\/figure>\n","protected":false},"excerpt":{"rendered":"<p>&nbsp; Ann\u00e9e Intitul\u00e9 &nbsp; Projets CNEPRU 2014 MODELES MARINS ET DUL\u00c7AQUICOLES DES SYSTEMES HOTES-PARASITES&nbsp;: BIODIVERSITE, BIO-ECOLOGIE \u2013 INTER-RELATIONS. &nbsp; Projets PRFU 2019 PROTOZOAIRES ET M\u00c9TAZOAIRES PARASITES DE QUELQUES ANIMAUX AQUATIQUES ET TERRESTRES : BIODIVERSIT\u00c9, BIO-\u00c9COLOGIE ET INTERACTIONS <span class=\"readmore\"><a href=\"https:\/\/lbeig.usthb.dz\/index.php\/projets-de-recherche-2\/\">Continue Reading<\/a><\/span><\/p>\n","protected":false},"author":1,"featured_media":0,"parent":0,"menu_order":0,"comment_status":"closed","ping_status":"closed","template":"","meta":[],"_links":{"self":[{"href":"https:\/\/lbeig.usthb.dz\/index.php\/wp-json\/wp\/v2\/pages\/170"}],"collection":[{"href":"https:\/\/lbeig.usthb.dz\/index.php\/wp-json\/wp\/v2\/pages"}],"about":[{"href":"https:\/\/lbeig.usthb.dz\/index.php\/wp-json\/wp\/v2\/types\/page"}],"author":[{"embeddable":true,"href":"https:\/\/lbeig.usthb.dz\/index.php\/wp-json\/wp\/v2\/users\/1"}],"replies":[{"embeddable":true,"href":"https:\/\/lbeig.usthb.dz\/index.php\/wp-json\/wp\/v2\/comments?post=170"}],"version-history":[{"count":2,"href":"https:\/\/lbeig.usthb.dz\/index.php\/wp-json\/wp\/v2\/pages\/170\/revisions"}],"predecessor-version":[{"id":210,"href":"https:\/\/lbeig.usthb.dz\/index.php\/wp-json\/wp\/v2\/pages\/170\/revisions\/210"}],"wp:attachment":[{"href":"https:\/\/lbeig.usthb.dz\/index.php\/wp-json\/wp\/v2\/media?parent=170"}],"curies":[{"name":"wp","href":"https:\/\/api.w.org\/{rel}","templated":true}]}}