{"id":144,"date":"2023-07-09T12:33:53","date_gmt":"2023-07-09T12:33:53","guid":{"rendered":"http:\/\/193.194.89.177\/lbeig_wp\/?page_id=144"},"modified":"2023-07-11T11:23:04","modified_gmt":"2023-07-11T11:23:04","slug":"theses-de-doctorat","status":"publish","type":"page","link":"https:\/\/lbeig.usthb.dz\/index.php\/theses-de-doctorat\/","title":{"rendered":"Th\u00e9ses  de doctorat"},"content":{"rendered":"\n<figure class=\"wp-block-table\"><table><tbody><tr><td><strong>AYADI Zouhour El Mouna<\/strong><\/td><\/tr><tr><td><strong>Sujet&nbsp;:<\/strong> Les Monog\u00e8nes Plathelminthes parasites des T\u00e9l\u00e9ost\u00e9ens des c\u00f4tes alg\u00e9roises&nbsp;: taxonomie, biologie et aspects \u00e9cologique.<\/td><\/tr><tr><td><strong>BENMESLEM Karima<\/strong><\/td><\/tr><tr><td><strong>Sujet&nbsp;:<\/strong><strong> <\/strong>Intestin spiral des Rajidae (Elasmobranchii&nbsp;: Rajiformes) de la c\u00f4te alg\u00e9rienne et sp\u00e9cificit\u00e9 des Cestodes Plathelminthes.<\/td><\/tr><tr><td><strong>DEROUICHE <\/strong><strong>Imane<\/strong><\/td><\/tr><tr><td><strong>Sujet&nbsp;:<\/strong><strong> <\/strong>Les parasites&nbsp; des Chimaerid\u00e9s (Holoc\u00e9phales), et quelques Batoides (Elasmobranches) de la c\u00f4te alg\u00e9rienne&nbsp;: taxonomie et aspects bio\u00e9cologiques du parasitisme<\/td><\/tr><tr><td><strong>BOUGUERCHE Chahinez<\/strong><\/td><\/tr><tr><td><strong>Sujet&nbsp;:&nbsp;<\/strong>Biodiversit\u00e9 et bio\u00e9cologie des Monogenea (M\u00e9tazoaires&nbsp;; Plathelminthes) parasites des poissons marins du littoral alg\u00e9rien<\/td><\/tr><tr><td><strong>GHARBI &nbsp;Kamilia<\/strong><\/td><\/tr><tr><td><strong>Sujet&nbsp;:<\/strong> Etude taxonomique et bio\u00e9cologique des Helminthes&nbsp; parasites des T\u00e9l\u00e9ost\u00e9ens d\u2019Alg\u00e9rie\u00bb<\/td><\/tr><\/tbody><\/table><\/figure>\n","protected":false},"excerpt":{"rendered":"<p>AYADI Zouhour El Mouna Sujet&nbsp;: Les Monog\u00e8nes Plathelminthes parasites des T\u00e9l\u00e9ost\u00e9ens des c\u00f4tes alg\u00e9roises&nbsp;: taxonomie, biologie et aspects \u00e9cologique. BENMESLEM Karima Sujet&nbsp;: Intestin spiral des Rajidae (Elasmobranchii&nbsp;: Rajiformes) de la c\u00f4te alg\u00e9rienne et sp\u00e9cificit\u00e9 des Cestodes Plathelminthes. <span class=\"readmore\"><a href=\"https:\/\/lbeig.usthb.dz\/index.php\/theses-de-doctorat\/\">Continue Reading<\/a><\/span><\/p>\n","protected":false},"author":1,"featured_media":0,"parent":0,"menu_order":0,"comment_status":"closed","ping_status":"closed","template":"","meta":[],"_links":{"self":[{"href":"https:\/\/lbeig.usthb.dz\/index.php\/wp-json\/wp\/v2\/pages\/144"}],"collection":[{"href":"https:\/\/lbeig.usthb.dz\/index.php\/wp-json\/wp\/v2\/pages"}],"about":[{"href":"https:\/\/lbeig.usthb.dz\/index.php\/wp-json\/wp\/v2\/types\/page"}],"author":[{"embeddable":true,"href":"https:\/\/lbeig.usthb.dz\/index.php\/wp-json\/wp\/v2\/users\/1"}],"replies":[{"embeddable":true,"href":"https:\/\/lbeig.usthb.dz\/index.php\/wp-json\/wp\/v2\/comments?post=144"}],"version-history":[{"count":3,"href":"https:\/\/lbeig.usthb.dz\/index.php\/wp-json\/wp\/v2\/pages\/144\/revisions"}],"predecessor-version":[{"id":218,"href":"https:\/\/lbeig.usthb.dz\/index.php\/wp-json\/wp\/v2\/pages\/144\/revisions\/218"}],"wp:attachment":[{"href":"https:\/\/lbeig.usthb.dz\/index.php\/wp-json\/wp\/v2\/media?parent=144"}],"curies":[{"name":"wp","href":"https:\/\/api.w.org\/{rel}","templated":true}]}}