{"id":136,"date":"2023-07-09T12:01:37","date_gmt":"2023-07-09T12:01:37","guid":{"rendered":"http:\/\/193.194.89.177\/lbeig_wp\/?page_id=136"},"modified":"2023-07-09T20:19:47","modified_gmt":"2023-07-09T20:19:47","slug":"communications-nationales","status":"publish","type":"page","link":"https:\/\/lbeig.usthb.dz\/index.php\/communications-nationales\/","title":{"rendered":"Communications nationales"},"content":{"rendered":"\n<p><strong><em><u>Premier s\u00e9minaire national sur les parasites des plantes et des animaux&nbsp;: connaissance et m\u00e9thodes de lutte, Blida 1<\/u><\/em><u>. 2019<\/u><\/strong><\/p>\n\n\n\n<p>-Bouabbache&nbsp;D.,&nbsp;Mekarma N., Bouguerche C., Justine J.L &amp; <strong>Tazerouti F. <\/strong>Etude taxinomique des Polyopisthocotylea (Monogenea, Plathelminthes) parasites de <em>Boops boops<\/em> Linnaeus, 1758 (T\u00e9l\u00e9ost\u00e9ens, Sparidae) de la c\u00f4te \u2019Alg\u00e9rienne.<\/p>\n\n\n\n<p><strong><u>XXIII\u00e8me journ\u00e9e nationale de parasitologie et mycologie, le 15 et 16 d\u00e9cembre 2021 \u00e0 Alger.<\/u><\/strong><\/p>\n\n\n\n<p>-Zedam F.Z., <strong>Tazerouti F. <\/strong>Biodiversit\u00e9 des parasites Monogenea et Digenea (M\u00e9tazoaires, Plathelminthes) de <em>Sparus aurata<\/em> (Sparidae, T\u00e9l\u00e9ost\u00e9ens) du littoral alg\u00e9rien.<strong><\/strong><\/p>\n\n\n\n<p><strong><u>1er S\u00e9minaire National sur Biodiversit\u00e9, Biotechnologie et D\u00e9veloppement Durable (BB &amp; DD 2022) <\/u><\/strong><strong><u>16 avril 2022 Ghardaia, Alg\u00e9rie<\/u><\/strong><\/p>\n\n\n\n<p>&#8211; Ayadi Z E M., <strong>Tazerouti F.<\/strong> Monogenea parasites branchiaux du \u00ab Bonitou \u00bb&nbsp;Auxis rochei (Risso,&nbsp;1810) (T\u00e9l\u00e9ost\u00e9en&nbsp;; Scombridae) de l\u2019Alg\u00e9rie.<\/p>\n\n\n\n<p>-Chaouadi M., Harhoura K., Aissi M., Zait H., Zenia S., <strong>Tazerouti. F<\/strong>. Limites du test immun enzymatique de type ELISA dans le diagnostic de la fasciolose chez les bovins.<\/p>\n\n\n\n<p>-Derouiche I., <strong>Tazerouti F.<\/strong> Parasitic fauna of <em>Rhinobatos rhinobatos <\/em>(Linnaeus, 1758) (Elasmobranchii: Rhinobatidae) off the coast of Algeria\u00bb.<\/p>\n\n\n\n<p><strong><u>1<sup>er<\/sup> S\u00e9minaire National sur L\u2019Agriculture Durable et la Biodiversit\u00e9 11 et 12 Mai 2022 Skikda Alger<\/u><\/strong><\/p>\n\n\n\n<p>Derouiche I., <strong>Tazerouti F<\/strong>. A helminthological survey of spiny butterfly ray,G<em>gymnura altavela <\/em>(elasmobranchii: gymnuridae), from the coast of Algeria.<\/p>\n\n\n\n<p><strong><u>Le 1er S\u00e9minaire National sur : \u00ab La Valorisation des Ressources Naturelles et de <\/u>l\u2019Environnement<\/strong> <strong>Universit\u00e9<u> de Ferhat Abbas, S\u00e9tif, Alg\u00e9rie 2022<\/u><\/strong><\/p>\n\n\n\n<p>&#8211; Ayadi Z E M., Benmslem K.,<strong> Tazerouti F<\/strong> . Monogenean parasite diversity of two scombrid fishes belonging to the genus Scomber&nbsp; Linnaeus, 1758 (Teleostei) off the Algerian coast<strong>.&nbsp;&nbsp;&nbsp;&nbsp;&nbsp;<\/strong><\/p>\n\n\n\n<p>-Boukadoum A.,Zedam F Z., <strong>Tazerouti F.<\/strong> Study of the Biodiversity of Monogenea (Metazoans, Platyhelminths) gill parasites of Sparidae (Teleostean) of the Algerian coast.<\/p>\n","protected":false},"excerpt":{"rendered":"<p>Premier s\u00e9minaire national sur les parasites des plantes et des animaux&nbsp;: connaissance et m\u00e9thodes de lutte, Blida 1. 2019 -Bouabbache&nbsp;D.,&nbsp;Mekarma N., Bouguerche C., Justine J.L &amp; Tazerouti F. Etude taxinomique des Polyopisthocotylea (Monogenea, Plathelminthes) parasites de Boops <span class=\"readmore\"><a href=\"https:\/\/lbeig.usthb.dz\/index.php\/communications-nationales\/\">Continue Reading<\/a><\/span><\/p>\n","protected":false},"author":1,"featured_media":0,"parent":0,"menu_order":0,"comment_status":"closed","ping_status":"closed","template":"","meta":[],"_links":{"self":[{"href":"https:\/\/lbeig.usthb.dz\/index.php\/wp-json\/wp\/v2\/pages\/136"}],"collection":[{"href":"https:\/\/lbeig.usthb.dz\/index.php\/wp-json\/wp\/v2\/pages"}],"about":[{"href":"https:\/\/lbeig.usthb.dz\/index.php\/wp-json\/wp\/v2\/types\/page"}],"author":[{"embeddable":true,"href":"https:\/\/lbeig.usthb.dz\/index.php\/wp-json\/wp\/v2\/users\/1"}],"replies":[{"embeddable":true,"href":"https:\/\/lbeig.usthb.dz\/index.php\/wp-json\/wp\/v2\/comments?post=136"}],"version-history":[{"count":2,"href":"https:\/\/lbeig.usthb.dz\/index.php\/wp-json\/wp\/v2\/pages\/136\/revisions"}],"predecessor-version":[{"id":166,"href":"https:\/\/lbeig.usthb.dz\/index.php\/wp-json\/wp\/v2\/pages\/136\/revisions\/166"}],"wp:attachment":[{"href":"https:\/\/lbeig.usthb.dz\/index.php\/wp-json\/wp\/v2\/media?parent=136"}],"curies":[{"name":"wp","href":"https:\/\/api.w.org\/{rel}","templated":true}]}}