{"id":132,"date":"2023-07-09T12:01:08","date_gmt":"2023-07-09T12:01:08","guid":{"rendered":"http:\/\/193.194.89.177\/lbeig_wp\/?page_id=132"},"modified":"2023-07-09T13:51:16","modified_gmt":"2023-07-09T13:51:16","slug":"communications-internationales","status":"publish","type":"page","link":"https:\/\/lbeig.usthb.dz\/index.php\/communications-internationales\/","title":{"rendered":"Communications internationales"},"content":{"rendered":"\n<p><strong><em><u>VII\u00e9me congr\u00e8s international de biotechnologie et valorisation des Bio-Ressources.2019, Tabarka, Tunisie.<\/u><\/em><\/strong><\/p>\n\n\n\n<p>-Chaouadi M., <strong>Tazerouti F.<\/strong> L\u2019examen microscopique de la bile, technique rapide, simple et efficace pour le diagnostic post-mortem de la Fasciolose et de la Dicrocoeliose bovine.<\/p>\n\n\n\n<p>-Derouiche I., <strong>Tazerouti F.<\/strong> Biodiversit\u00e9 des parasites de <em>Aetomlaeus Bovinus<\/em> (Geoffroy Saint-Hilaire&nbsp;,1817) (Elasmobranchii, Myliobatidae) de la c\u00f4te alg\u00e9rienne.<\/p>\n\n\n\n<p>-Gharbi K., Bouguerche C., Amine F., <strong>Tazerouti F.<\/strong> Etude de la biodiversit\u00e9 des Monogenea et Digenea (Metazoaires ; Plathelminthes) parasites des T\u00e9l\u00e9ost\u00e9ens du genre <em>Trachurus <\/em>de la c\u00f4te alg\u00e9roise.<\/p>\n\n\n\n<p><strong><em>&nbsp;<\/em><\/strong><strong><em><u>30<sup>th<\/sup> international congress of the Tunisian Society Biological Sciences (ATSB)<\/u><\/em><\/strong><strong><u>.<\/u><\/strong><strong><em><u>2019 Sousse, Tunisia<\/u><\/em><\/strong>.<\/p>\n\n\n\n<p>-Akhal L., Ayadi Z.E.M., Sebiaa W.,<strong> Tazerouti F. <\/strong>Biodiversit\u00e9 des Monogenea parasites branchiaux de quelques T\u00e9l\u00e9ost\u00e9ens Scombridae de la c\u00f4te alg\u00e9roise.<\/p>\n\n\n\n<p>-Derouiche I., <strong>Tazerouti F<\/strong>. An ecological and taxinomic, study of metazoan parasites of <em>Chimaera monstrosa<\/em>linnaeus, 1758 (Holocephali: Chimaeridae) from Algerian coast.<\/p>\n\n\n\n<p>-Sebiaa W.,Ayadi Z.E.M., Akhal L., <strong>Tazerouti F. S<\/strong>p\u00e9cificit\u00e9 des Monogenea parasites branchiaux de deux T\u00e9l\u00e9ost\u00e9ens Scombridae de la c\u00f4te alg\u00e9roise.<\/p>\n\n\n\n<p><strong><em><u>3\u00e8me conf\u00e9rence M\u00e9diterran\u00e9enne de la Biodiversit\u00e9 \u00ab&nbsp;BIODIV2019&nbsp;\u00bb Hammamet, Tunisie.<\/u><\/em><\/strong><\/p>\n\n\n\n<p><strong>&#8211;<\/strong>Bouabbache&nbsp;D.,&nbsp;Mekarma N., Bouguerche C., Justine J.L &amp; <strong>Tazerouti F.<\/strong>&nbsp;Etude taxinomique des Polyopisthocotylea (Monogenea, Plathelminthes) parasites de <em>Boops boops <\/em>Linnaeus, 1758 (T\u00e9l\u00e9ost\u00e9ens, Sparidae) de la c\u00f4te Alg\u00e9rienne.<\/p>\n\n\n\n<p><strong>&#8211;<\/strong>Derouiche I., Neifar L., Gey D.,Justine J-L<em>. <\/em>&amp; <strong>Tazerouti F. <\/strong><em>Holocephalocotyle monstrosae<\/em> n.gen.n.sp. (Monogenea,Monocotylidae), parasite of <em>Chimaera monstrosa <\/em>(Holocephali: Chimaeridae) in deep waters off Algerian characterized by morphological and molecular evidence.<\/p>\n\n\n\n<p><strong>&#8211;<\/strong>Mekarma N., Bouabbache D., Bouguerche C., Justine J.L &amp; <strong>Tazerouti F. <\/strong>Etude taxinomique des Monogenea parasites branchiaux de quelques T\u00e9l\u00e9ost\u00e9ens Sparidae de l\u2019Alg\u00e9rie.<\/p>\n\n\n\n<p><strong>-Tazerouti F. <\/strong>Biodiversit\u00e9 des Ectoparasites des Elasmobranches (Torpedinidae, Rajidae, Dasyatidae et Myliobatidae) de la c\u00f4te alg\u00e9rienne.<\/p>\n\n\n\n<p><strong><em><u>Congr\u00e8s SFP-SFMM 2019 \u00ab&nbsp;One Health : De l\u2019animal \u00e0 l\u2019homme en parasitologie-mycologie&nbsp;\u00bb 2019 Tours, France.<\/u><\/em><\/strong><strong><em><u><\/u><\/em><\/strong><\/p>\n\n\n\n<p>-Bouguerche C., Gey D., Justine J-L &amp; <strong>Tazerouti F<em> .<\/em><\/strong> <em>Microcotyle visa<\/em> (Monogenea), a new gill parasite of <em>Pagruscaeruleostictus<\/em> (Teleostei) off the Algerian coast.<\/p>\n\n\n\n<p>-Bouguerche C., Gey D.,Justine J-L &amp;<strong>Tazerouti F<em> .<\/em><\/strong> So different yet so much alike: A new Crypticspecies <em>Microcotyle isyebi<\/em> (Monogenea) from <em>Boops boops<\/em> (Teleostei) off the Algerian coast.<\/p>\n\n\n\n<p><strong><em><u>Molecular Parasitology Meeting XXXI, Woods Hole, Massachusetts, United States, 2020<\/u><\/em><\/strong><\/p>\n\n\n\n<p>-Bouguerche C., Gey D.,Justine J-L &amp;<strong>Tazerouti F<\/strong>. So different yet so much alike: A new Crypticspecies <em>Microcotyle isyebi<\/em> (Monogenea) from <em>Boops boops<\/em> (Teleostei) off the Algerian coast.<\/p>\n\n\n\n<p>-Bouguerche C.,<strong> Tazerouti F<\/strong> Gey D., &amp; Justine J-L<strong><em> . <\/em><\/strong>No vagina, one vagina, or multiple vaginae? An integrative study of <em>Pseudaxine trachuri<\/em> (Platyhelminthes, Monogenea) leads to a better understanding of the systematics <em>Pseudaxine<\/em> and related genera.<\/p>\n\n\n\n<p><strong><u>The Helminthological Society of&nbsp; Washington Virtual Fall Meeting ,<\/u><\/strong> Washington, <strong><em><u>2020<\/u><\/em><\/strong><strong><u><\/u><\/strong><\/p>\n\n\n\n<p>-Bouguerche, C., Azizi, R., Santoro, M., Gharbi K., Gey, D., <strong>Tazerouti, F<\/strong>., Justine, J.-L., &amp;Bahri, S<strong>. <\/strong>Pauciconfibula spp (Monogenea, Platyhelminthes) from Mediterranean trachinid fishes: lessons from DNA Barcoding.<\/p>\n\n\n\n<p>-Bouguerche, C., Gharbi K., Gey, D., <strong>Tazerouti, F<\/strong>., Justine, J.-L., Polyopisthocotylean Monogenea (Platyhelminthes) from the southern Mediterranean: anecdotes of some new Microcotylidae, a rare Gastrocotylidae, and A hyperparasitic Diclidophoridae.<\/p>\n\n\n\n<p><strong><u>YOUNG SYSTEMATISTS&#8217; FORUM , London ,2020<\/u><\/strong><strong><u><\/u><\/strong><\/p>\n\n\n\n<p>-Bouguerche, C., Gharbi K., Bouabbache&nbsp;D.,&nbsp;Mekarma N., &nbsp;Gey, D., <strong>Tazerouti, F<\/strong>., Justine, J.-L. Neither host specific nor has a vagina! An integrative study of Pseudaxine trachuri (Platyhelminthes,Monogenea) leads to a better understanding of the systematics Pseudaxine and related genera.<\/p>\n\n\n\n<p>-Gharbi K., Bouguerche, C., <strong>Tazerouti F<\/strong>. Taxonomic study of helminth parasites of digestive tract of two congeneric goatfish Mullidae Rafinesque, 1815 from off the Algeria coast.<\/p>\n\n\n\n<p><strong><em><u>BSP Parasites&nbsp; 0nline Meeting 2021 , British Society for parasitology<\/u><\/em><\/strong><strong><em>.<\/em><\/strong><strong><\/strong><\/p>\n\n\n\n<p>-Ayadi, Z.E.M <em>&amp; <\/em><strong>Tazerouti F.<\/strong> Contribution to the knowledge of Monogenean (Metazoa; Plathelminthes) parasites of two species of groupers off Algerian coast.<\/p>\n\n\n\n<p><strong><u>Organizing Committee of our conference acknowledges with gratitude participation and contribution 1-3 Sptembre 2021,Edrine,Turky.<\/u><\/strong><\/p>\n\n\n\n<p>-Benmeslem K., <strong>Tazerouti, F<\/strong>. Contribution to the study of Echinobotriidae intestinal parasites of some Rajidae from the western Mediterranean.<\/p>\n\n\n\n<p><strong><u>To the 3<sup>rd<\/sup> International Conference on food, Agriculture and Animal Sciences, held in Erzurum\/ TURKEY,13-15 October 2021.<\/u><\/strong><\/p>\n\n\n\n<p>-Benmeslem K., <strong>Tazerouti, F. <\/strong>First Intestinal Parasites Survery of <em>leucoraja circularis<\/em>, in Algerian basin with comment of their mode of attachement.<\/p>\n\n\n\n<p><strong><em><u>Vliz marine science day Virtual meeting.<\/u><\/em><\/strong><strong><u> <\/u><\/strong><strong><u>2021<\/u><\/strong><\/p>\n\n\n\n<p>-Bouguerche C., Gharbi K., <strong>Tazerouti F., <\/strong>Gey, D <em>&amp; <\/em>Justine J-L.<strong> <\/strong>Monogenean parasites : what can COI barcoding reveal ?<\/p>\n\n\n\n<p><strong><em><u>Congr\u00e8s de la Soci\u00e9t\u00e9 Fran\u00e7aise de Parasitologi<\/u><\/em><\/strong><strong><u>e <em>| <\/em><\/u><\/strong><strong><em><u>SFP-SFMM 2021 [27\/10\/2021 \u2013 28\/10\/2021<\/u><\/em><u>. Lyon, France<em>]<\/em><em><\/em><\/u><\/strong><\/p>\n\n\n\n<p>-Bouguerche, C., <strong>Tazerouti, <\/strong>F., Justine, J.-L. Polyopisthocotylean Monogenea of carangid fishes of the south-western Mediterranean (oral presentation by CB).<\/p>\n\n\n\n<p><strong><em><u>13<sup>th<\/sup> European Multicolloquium of Parasitology| EMOP XII 2021 [12\/10\/2021 \u2013 16\/10\/2021<\/u><\/em><\/strong><strong><u>. <\/u><\/strong><strong><u>Belgrade, Serbia<em>].<\/em><\/u><\/strong><\/p>\n\n\n\n<p>-Bouguerche, C., <strong>Tazerouti, F<\/strong>., Justine, J.-L.Tell me what you eat, I\u2019ll tell you what you are! A study of a hyperparasite<em>Cyclocotylabellones<\/em> (Monogenea, Platyhelminthes) using integrative taxonomy (oral presentation by CB).<\/p>\n\n\n\n<p><strong><em><u>Molecular Parasitology Meeting | <\/u><\/em><\/strong><strong><em><u>MPM 2021 [Held Virtually, <\/u><\/em><\/strong><strong><u>Massachusetts<\/u><\/strong><strong><em><u>, 05\/10\/2021 \u2013 07\/10\/2021].<\/u><\/em><\/strong><\/p>\n\n\n\n<p><strong>&#8211;<\/strong>Bouguerche, C., Gey, D.,<strong>Tazerouti, F<\/strong>., Justine, J.-L<strong>.<\/strong>&nbsp;Triple barcoding for a hyperparasite, its parasitic host, and the host itself:&nbsp;a study of <em>Cyclocotylabellones<\/em> (Monogenea) on&nbsp;<em>Ceratothoaparallela<\/em> (Isopoda) on <em>Boops boops<\/em>&nbsp;(Teleostei) (Poster by CB).&nbsp;<\/p>\n\n\n\n<p><strong><em><u>Annual Conference For The Australian Society for Parasitology Conference<\/u><\/em><\/strong><strong><em><u>|<\/u><\/em><\/strong><strong><em><u>Parasitravaganza 2021-Online <\/u><\/em><\/strong><strong><em><u>[Held Virtually, 23\/06\/2021 \u2013 25\/06\/2021<\/u><\/em><\/strong><em><u>].<\/u><\/em><\/p>\n\n\n\n<p>-Bouguerche, C., Gey, D.,<strong>Tazerouti, F., <\/strong>Justine, J.-L. Four polyopisthocotyleans (Platyhelminthes: Monogenea) from carangid fishes in the Mediterranean, off the Algerian coasts(E-Poster). <em><u><\/u><\/em><\/p>\n\n\n\n<p><strong><em><u>30th Annual Molecular Parasitology &amp; Vector Biology Symposium <\/u><\/em><\/strong><strong><em><u>[Held Virtually, [University of Georgia (CTEGD), Greece, 04\/05\/2021].<\/u><\/em><\/strong><strong><\/strong><\/p>\n\n\n\n<p>-Bouguerche, C., Gey, D., <strong>Tazerouti, F<\/strong>., Justine, J.-L.Description of a new species, <em>Microcotyle visa<\/em> (Monogenea: Microcotylidae), a gill parasite of <em>Pagruscaeruleostictus<\/em> (Teleostei: Sparidae) using integrative taxonomy (E-Poster).<\/p>\n\n\n\n<p><strong><em><u>British Association for Veterinary Parasitology<\/u><\/em><\/strong><strong><em><u>|<\/u><\/em><\/strong><strong><em><u>BAVP 2021-Online<\/u><\/em><\/strong><strong><em><u> [Held Virtually, <\/u><\/em><\/strong><strong><em><u>University of Bristol<\/u><\/em><\/strong><strong><em><u>, <\/u><\/em><\/strong><strong><em><u>UK<\/u><\/em><\/strong><strong><em><u>, 29\/03\/2021 \u2013 30\/04\/2021].<\/u><\/em><\/strong><strong><u><\/u><\/strong><\/p>\n\n\n\n<p>-Bouguerche, C., Azizi, R., Santoro, M., Gey, D., <strong>Tazerouti, F<\/strong>., Justine, J.-L., &amp; Bahri, S<strong>. <\/strong><em>Pauciconfibula spp<\/em>. (Monogenea, Platyhelminthes) from Mediterranean trachinid fishes: lessons from DNA Barcoding (oral presentation by CB).<\/p>\n\n\n\n<p>-Gharbi K., <strong>Tazerouti F<\/strong>. Taxonomic study of helminth parasites of digestive tract of two congeneric goatfish Mullidae Rafinesque, 1815 from off the Algeria coast.<\/p>\n\n\n\n<p><strong><u>Annual Meeting of the Society for Integrative and Comparative Biology <em>|<\/em><em>SICB 2021-Online [Held Virtually, Washington, US, 03\/01\/20212021 \u2013 28\/02\/2021].<\/em><\/u><\/strong><strong><u><\/u><\/strong><\/p>\n\n\n\n<p>-Bouguerche, C., Gey, D.,<strong>Tazerouti, F<\/strong>., Justine, J.-L. No vagina, one vagina, or multiple vaginae? An integrative study of <em>Pseudaxine trachuri<\/em> (Monogenea, Gastrocotylidae) leads to a better understanding of the systematics of <em>Pseudaxine<\/em> and related genera (oral presentation by CB).&nbsp;<\/p>\n\n\n\n<p><strong><u>For participating in the 1st internationl Days of Natural and life Sciences (INDNS 2022) Ouargla Algerie<\/u><\/strong><\/p>\n\n\n\n<p>-Gharbi K., <strong>Tazerouti F<\/strong>. Inventaire parasitaire des Digenea (M\u00e9tazoaires ; Plathelminthes) du tube digestif d\u2019une espece de la famille des Scombridae Scomber scombrus Linnaeus, 1758 de la cote Algerienne.<\/p>\n\n\n\n<p>-Zedam F.Z., <strong>Tazerouti F<\/strong>. Biodiversit\u00e9 des Digenea(M\u00e9tazoaires ; Plathelminthes) parasites intestinaux de quelques Tel\u00e9ost\u00e9ens Labridae de la cote alg\u00e9roise.<\/p>\n\n\n\n<p><strong><u>The 1st International Webinar on \u201cValuation and Management of Animal Biodiversity\u201d(1st IW-VMAB)&nbsp; June 1st \u2013 2nd, 2022 Oran, Alg\u00e9rie.<\/u><\/strong><\/p>\n\n\n\n<p>-Boukadoum A.,Zedam F Z., <strong>Tazerouti F<\/strong>. La Diversit\u00e9 Des Monogenea (Plathelminthes, M\u00e9tazoaires) Parasites Branchiaux De Quelques T\u00e9l\u00e9ost\u00e9ens Sparidae Du Littoral Alg\u00e9rien.<\/p>\n\n\n\n<p>-Chaouadi M., Medani N., Tata M., <strong>Tazerouti F<\/strong>.&nbsp; La Dicrocoeliose des Ruminants : Situation dans Les abattoirs d\u2019Alger.<\/p>\n\n\n\n<p>-Derouiche I., <strong>Tazerouti F<\/strong>. A helminthological survey of spiny butterfly ray, <em>Gymnura altavela<\/em> (elasmobranchii: gymnuridae), from the coast of Algeria.<\/p>\n\n\n\n<p><strong><u>1 er Webinaire International De Biodiversit\u00e9 Animale, Protection Et Environnement,<\/u><\/strong> &nbsp;<strong>WIBAPE&nbsp; 2022 <\/strong><strong>Ecole National Sup\u00e9rieure Agronomique, Alger, Alg\u00e9rie<\/strong><\/p>\n\n\n\n<p>-Boukadoum A.,Ayadi Z E M., <strong>Tazerouti F<\/strong>. Contribution \u00e0 la connaissance de la biodiversit\u00e9 des Monogenea (M\u00e9tazoaires, Plathelminthes) parasites branchiaux de quelques T\u00e9l\u00e9ost\u00e9ens Sparidae de la c\u00f4te alg\u00e9roise.<\/p>\n\n\n\n<p><strong><u>1st International Webinar on Valuation and Management of Animal Biodiversity,<\/u><\/strong> <strong><u>Universit\u00e9 USTO-MB, Alg\u00e9rie 2022<\/u><\/strong><\/p>\n\n\n\n<p>-Ayadi Z E M., Boukadoum A.,<strong> Tazerouti F.<\/strong> Les Monogenea parasites de trois esp\u00e8ces de Triglidae (T\u00e9l\u00e9ost\u00e9ens) de la c\u00f4te alg\u00e9roise.<\/p>\n\n\n\n<p>-Boukadoum A., Zedam F Z., <strong>Tazerouti F<\/strong>.<strong> <\/strong>La Diversit\u00e9 Des Monogenea (Plathelminthes, M\u00e9tazoaires) Parasites Branchiaux De quelques T\u00e9l\u00e9ost\u00e9ens Sparidae Du Littoral Alg\u00e9rien.<\/p>\n\n\n\n<p><strong><u>The BAVP early career parasitologists meeting, United Kingdoom 2022<\/u><\/strong><\/p>\n\n\n\n<p>-Ayadi Z E M., <strong>Tazerouti F<\/strong>. Biodiversity of monogenean parasites of the Bullet tuna <em>Auxis rochei <\/em>(Risso, 1810) (Teleostei ; Scombridae) off Algeria.<\/p>\n\n\n\n<p>-Boukadoum A., Zedam F Z., <strong>Tazerouti F<\/strong>. The diversity of Monogenea(Metazoans, Platyhelminths) among the Algerian Sparid fish.<\/p>\n\n\n\n<p>-Derouiche I., <strong>Tazerouti F<\/strong>. Morphology and molecular phylogeny of <em>Holocephalocotyle monstrosae <\/em>parasitizing the Mediterranean ratfish.<\/p>\n\n\n\n<p>-Zedam F.Z., Boukadoum A., <strong>Tazerouti F<\/strong>. Morphological characterization of digenea of the genus Allopodocotyle off the Algerian coast.<\/p>\n\n\n\n<p>-Zedam F.Z., <strong>Tazerouti F<\/strong>. Morphological characterization of digenea <em>Macvicaria obovata molin<\/em>, 1859 parasites of <em>Sparus aurata<\/em> linnaeus, 1758 off the algerian coast.<\/p>\n\n\n\n<p>-Zedam F.Z., <strong>Tazerouti F<\/strong>. Novel morphological data of <em>Genitocotyle cf. mediterranea <\/em>(Platyhelminthes: Digenea) from <em>Apogon imberbis <\/em>(Teleostei): The first time off the Algerian coast.<\/p>\n\n\n\n<p><strong><u>60th Anniversary Spring Meeting of British Society, University of York, United Kingdoom2022<\/u><\/strong><\/p>\n\n\n\n<p>-Ayadi Z E M., Benmslem K.,<strong> Tazerouti F<\/strong>. Diversity of monogenea (Platyhelminths) gill parasites of Scombrid fishes off the Algerian coast.<\/p>\n\n\n\n<p>-Boukadoum A., Zedam F Z., <strong>Tazerouti F<\/strong>.<strong> <\/strong>Some species of the family Microcotylidae (Polyopisthocotylea, Monogenea) from Sparid fishes off the Algerian coast.<\/p>\n\n\n\n<p>-Zedam F.Z., Boukadoum A., <strong>Tazerouti F<\/strong>.<strong> <\/strong>Parasitic Platyhelminthes of Sparus aurata (Sparidae, Teleosteans): first report of the Digeneans Macvicaria obovata Molin, 1859 and Allopodocotyle pedicellata Stossich, 1887 off Algerian coast.<\/p>\n\n\n\n<p><strong><u>Within the 1<sup>st<\/sup> International Seminar on Veterinary Parasotology that has been held online from 3 to 4 october 2022 on chadi Bendjedid U niversity El Tarf, Algeria.<\/u><\/strong><\/p>\n\n\n\n<p>-Boukadoum A., Ayadi Z E M., Zedam F Z., <strong>Tazerouti F<\/strong>. The diversity of Monogenea(Metazoans, Platyhelminths) gill parasites of the Genus Diplodus Rafinesque ,1810(Sparidae)off the Algerian coast.<\/p>\n\n\n\n<p>-Gharbi K., Zedam F.Z.,<strong> Tazerouti F<\/strong>. Contribution \u00e0 la connaissance des Digenea(Metazoaires&nbsp;;Plathelminthes) parasites du tube digestif de deux esp\u00e8ces de rougets de la cote Algerienne.<\/p>\n\n\n\n<p><strong><u>British Association for Veterinary Parasitology<\/u><\/strong><strong><em><u>|<\/u><\/em><\/strong><strong><u>BAVP Early Career Researcher meeting 2023<\/u><\/strong><\/p>\n\n\n\n<p>&#8211; &nbsp;Ayadi Z E M., <strong>Tazerouti F,<\/strong> Gey D &amp; Justine J-L. <em>Plectanocotyle lastovizae<\/em> (Monogenea, Platyhelminthes) from the streaked gurnard <em>Chelidonichthys lastoviza<\/em> (Teleostei) off the Mediterranean Sea.<\/p>\n","protected":false},"excerpt":{"rendered":"<p>VII\u00e9me congr\u00e8s international de biotechnologie et valorisation des Bio-Ressources.2019, Tabarka, Tunisie. -Chaouadi M., Tazerouti F. L\u2019examen microscopique de la bile, technique rapide, simple et efficace pour le diagnostic post-mortem de la Fasciolose et de la Dicrocoeliose bovine. <span class=\"readmore\"><a href=\"https:\/\/lbeig.usthb.dz\/index.php\/communications-internationales\/\">Continue Reading<\/a><\/span><\/p>\n","protected":false},"author":1,"featured_media":0,"parent":0,"menu_order":0,"comment_status":"closed","ping_status":"closed","template":"","meta":[],"_links":{"self":[{"href":"https:\/\/lbeig.usthb.dz\/index.php\/wp-json\/wp\/v2\/pages\/132"}],"collection":[{"href":"https:\/\/lbeig.usthb.dz\/index.php\/wp-json\/wp\/v2\/pages"}],"about":[{"href":"https:\/\/lbeig.usthb.dz\/index.php\/wp-json\/wp\/v2\/types\/page"}],"author":[{"embeddable":true,"href":"https:\/\/lbeig.usthb.dz\/index.php\/wp-json\/wp\/v2\/users\/1"}],"replies":[{"embeddable":true,"href":"https:\/\/lbeig.usthb.dz\/index.php\/wp-json\/wp\/v2\/comments?post=132"}],"version-history":[{"count":2,"href":"https:\/\/lbeig.usthb.dz\/index.php\/wp-json\/wp\/v2\/pages\/132\/revisions"}],"predecessor-version":[{"id":165,"href":"https:\/\/lbeig.usthb.dz\/index.php\/wp-json\/wp\/v2\/pages\/132\/revisions\/165"}],"wp:attachment":[{"href":"https:\/\/lbeig.usthb.dz\/index.php\/wp-json\/wp\/v2\/media?parent=132"}],"curies":[{"name":"wp","href":"https:\/\/api.w.org\/{rel}","templated":true}]}}