{"id":118,"date":"2023-07-09T11:52:52","date_gmt":"2023-07-09T11:52:52","guid":{"rendered":"http:\/\/193.194.89.177\/lbeig_wp\/?page_id=118"},"modified":"2023-07-10T22:54:40","modified_gmt":"2023-07-10T22:54:40","slug":"equipe-4-epidemiologie-parasitaire-et-genetique-des-populations","status":"publish","type":"page","link":"https:\/\/lbeig.usthb.dz\/index.php\/equipe-4-epidemiologie-parasitaire-et-genetique-des-populations\/","title":{"rendered":"\u00c9quipe 4<strong>\u00a0:\u00a0Epid\u00e9miologie Parasitaire et G\u00e9n\u00e9tique des Populations<\/strong>"},"content":{"rendered":"\n<p class=\"has-normal-font-size\"> <p><strong>Chef d\u2019\u00e9quipe : <strong>EDDAIKRA\u00a0 \u00a0NAOUEL<\/strong><\/strong><\/p><\/p>\n\n\n\n<p><p><strong>Member de l\u2019\u00e9quipe\u00a0<\/strong><\/p><\/p>\n\n\n\n<figure class=\"wp-block-table\"><table><tbody><tr><td>&nbsp;<\/td><td>&nbsp;<\/td><\/tr><tr><td><strong>KERNIF TAHAR<\/strong><\/td><td><strong>&nbsp;<\/strong><strong>Docteur<\/strong><strong><\/strong><\/td><\/tr><tr><td><strong>BENBETKA SIHEM<\/strong><\/td><td><strong>&nbsp;<\/strong><strong>Docteur<\/strong><strong><\/strong><\/td><\/tr><tr><td><strong>BENELLAL KAMAL EDDINE<\/strong><\/td><td><strong>&nbsp;<\/strong><strong>Docteur<\/strong><strong><\/strong><\/td><\/tr><tr><td><strong>BENHASSINE IKRAM<\/strong><\/td><td><strong>&nbsp;<\/strong><strong>Docteur<\/strong><strong><\/strong><\/td><\/tr><tr><td><strong>BENIKHLEF RAZIKA<\/strong><\/td><td><strong>&nbsp;<\/strong><strong>Docteur<\/strong><strong><\/strong><\/td><\/tr><tr><td><strong>GARNI RAFIK<\/strong><\/td><td><strong>Charg<\/strong><strong>\u00e9<\/strong><strong> d<\/strong><strong>\u2019\u00e9tude<\/strong><strong><\/strong><\/td><\/tr><tr><td><strong>KHERRACHI IHCEN<\/strong><\/td><td><strong>Charg<\/strong><strong>\u00e9<\/strong><strong> d<\/strong><strong>\u2019\u00e9tude<\/strong><strong><\/strong><\/td><\/tr><tr><td><strong>BENELDJOUZI ASSIA<\/strong><\/td><td><strong>&nbsp;<\/strong><strong>Docto<\/strong><strong>r<\/strong><strong>ante<\/strong><strong><\/strong><\/td><\/tr><tr><td><strong>AMARA-KORBA ANISSA<\/strong><\/td><td><strong>&nbsp;<\/strong><strong>Docto<\/strong><strong>r<\/strong><strong>ante<\/strong><strong><\/strong><\/td><\/tr><\/tbody><\/table><\/figure>\n\n\n\n<p><\/p>\n","protected":false},"excerpt":{"rendered":"<p>Chef d\u2019\u00e9quipe : EDDAIKRA\u00a0 \u00a0NAOUEL Member de l\u2019\u00e9quipe\u00a0 &nbsp; &nbsp; KERNIF TAHAR &nbsp;Docteur BENBETKA SIHEM &nbsp;Docteur BENELLAL KAMAL EDDINE &nbsp;Docteur BENHASSINE IKRAM &nbsp;Docteur BENIKHLEF RAZIKA &nbsp;Docteur GARNI RAFIK Charg\u00e9 d\u2019\u00e9tude KHERRACHI IHCEN Charg\u00e9 d\u2019\u00e9tude BENELDJOUZI ASSIA &nbsp;Doctorante <span class=\"readmore\"><a href=\"https:\/\/lbeig.usthb.dz\/index.php\/equipe-4-epidemiologie-parasitaire-et-genetique-des-populations\/\">Continue Reading<\/a><\/span><\/p>\n","protected":false},"author":1,"featured_media":0,"parent":0,"menu_order":0,"comment_status":"closed","ping_status":"closed","template":"","meta":[],"_links":{"self":[{"href":"https:\/\/lbeig.usthb.dz\/index.php\/wp-json\/wp\/v2\/pages\/118"}],"collection":[{"href":"https:\/\/lbeig.usthb.dz\/index.php\/wp-json\/wp\/v2\/pages"}],"about":[{"href":"https:\/\/lbeig.usthb.dz\/index.php\/wp-json\/wp\/v2\/types\/page"}],"author":[{"embeddable":true,"href":"https:\/\/lbeig.usthb.dz\/index.php\/wp-json\/wp\/v2\/users\/1"}],"replies":[{"embeddable":true,"href":"https:\/\/lbeig.usthb.dz\/index.php\/wp-json\/wp\/v2\/comments?post=118"}],"version-history":[{"count":2,"href":"https:\/\/lbeig.usthb.dz\/index.php\/wp-json\/wp\/v2\/pages\/118\/revisions"}],"predecessor-version":[{"id":198,"href":"https:\/\/lbeig.usthb.dz\/index.php\/wp-json\/wp\/v2\/pages\/118\/revisions\/198"}],"wp:attachment":[{"href":"https:\/\/lbeig.usthb.dz\/index.php\/wp-json\/wp\/v2\/media?parent=118"}],"curies":[{"name":"wp","href":"https:\/\/api.w.org\/{rel}","templated":true}]}}