{"id":10,"date":"2023-04-11T10:13:31","date_gmt":"2023-04-11T10:13:31","guid":{"rendered":"http:\/\/193.194.89.177\/lee_wp\/?page_id=10"},"modified":"2023-05-03T12:41:39","modified_gmt":"2023-05-03T12:41:39","slug":"equipes-de-recherche","status":"publish","type":"page","link":"https:\/\/lbeig.usthb.dz\/index.php\/equipes-de-recherche\/","title":{"rendered":"Equipes de recherche"},"content":{"rendered":"\n<p>Equipe 1 : <a href=\"http:\/\/www.lee.usthb.dz\/node\/4\"><strong>Parasites\u00a0: Biodiversit\u00e9- Bio\u00e9cologie-Interactions H\u00f4tes-Parasites<\/strong><\/a><\/p>\n\n\n\n<p>Equipe2 : <a href=\"http:\/\/www.lee.usthb.dz\/node\/5\"><strong>G\u00e9n\u00e9tique des Populations et Biologie de Conservation des Populations Animales.<\/strong><\/a><\/p>\n\n\n\n<p>Equipe3 : <a href=\"http:\/\/www.lee.usthb.dz\/node\/6\"><strong>Vecteurs et Parasites en Alg\u00e9rie<\/strong><\/a><\/p>\n\n\n\n<p>Equipe4 : <a href=\"http:\/\/www.lee.usthb.dz\/node\/7\"><strong>Eco-Epid\u00e9miologie Parasitaire et G\u00e9n\u00e9tique des Populations<\/strong><\/a><\/p>\n","protected":false},"excerpt":{"rendered":"<p>Equipe 1 : Parasites\u00a0: Biodiversit\u00e9- Bio\u00e9cologie-Interactions H\u00f4tes-Parasites Equipe2 : G\u00e9n\u00e9tique des Populations et Biologie de Conservation des Populations Animales. Equipe3 : Vecteurs et Parasites en Alg\u00e9rie Equipe4 : Eco-Epid\u00e9miologie Parasitaire et G\u00e9n\u00e9tique des Populations<\/p>\n","protected":false},"author":1,"featured_media":0,"parent":0,"menu_order":0,"comment_status":"closed","ping_status":"closed","template":"","meta":[],"_links":{"self":[{"href":"https:\/\/lbeig.usthb.dz\/index.php\/wp-json\/wp\/v2\/pages\/10"}],"collection":[{"href":"https:\/\/lbeig.usthb.dz\/index.php\/wp-json\/wp\/v2\/pages"}],"about":[{"href":"https:\/\/lbeig.usthb.dz\/index.php\/wp-json\/wp\/v2\/types\/page"}],"author":[{"embeddable":true,"href":"https:\/\/lbeig.usthb.dz\/index.php\/wp-json\/wp\/v2\/users\/1"}],"replies":[{"embeddable":true,"href":"https:\/\/lbeig.usthb.dz\/index.php\/wp-json\/wp\/v2\/comments?post=10"}],"version-history":[{"count":2,"href":"https:\/\/lbeig.usthb.dz\/index.php\/wp-json\/wp\/v2\/pages\/10\/revisions"}],"predecessor-version":[{"id":22,"href":"https:\/\/lbeig.usthb.dz\/index.php\/wp-json\/wp\/v2\/pages\/10\/revisions\/22"}],"wp:attachment":[{"href":"https:\/\/lbeig.usthb.dz\/index.php\/wp-json\/wp\/v2\/media?parent=10"}],"curies":[{"name":"wp","href":"https:\/\/api.w.org\/{rel}","templated":true}]}}